{"id":50243,"date":"2025-11-24T19:51:31","date_gmt":"2025-11-24T18:51:31","guid":{"rendered":"https:\/\/beyondimmobilier.com\/jobs\/"},"modified":"2025-11-24T20:21:45","modified_gmt":"2025-11-24T19:21:45","slug":"jobs","status":"publish","type":"page","link":"https:\/\/beyondimmobilier.com\/en\/jobs\/","title":{"rendered":"Jobs"},"content":{"rendered":"\n<h1 class=\"wp-block-heading\">Join<br\/>Beyond Immobilier <\/h1>\n\n<div class=\"wp-block-columns is-layout-flex wp-container-core-columns-is-layout-9d6595d7 wp-block-columns-is-layout-flex\">\n<div class=\"wp-block-column is-layout-flow wp-block-column-is-layout-flow\" style=\"flex-basis:700px\">\n<p>At <strong>Beyond Immobilier<\/strong>, we believe that a fulfilled agent is a successful agent.<br\/>We place people and trust at the heart of our business, in a <strong>friendly and caring atmosphere<\/strong> where everyone feels at home.<\/p>\n\n\n\n<div style=\"height:70px\" aria-hidden=\"true\" class=\"wp-block-spacer\"><\/div>\n<\/div>\n\n\n\n<div class=\"wp-block-column is-layout-flow wp-block-column-is-layout-flow\"><\/div>\n<\/div>\n\n<div class=\"wp-block-group alignfull has-medium-blue-color has-beige-background-color has-text-color has-background has-link-color wp-elements-ef5828c660a1f23f77d8233a03747957\"><div class=\"wp-block-group__inner-container is-layout-constrained wp-block-group-is-layout-constrained\">\n<div style=\"height:30px\" aria-hidden=\"true\" class=\"wp-block-spacer\"><\/div>\n\n\n\n<div class=\"wp-block-columns are-vertically-aligned-top is-layout-flex wp-container-core-columns-is-layout-9d6595d7 wp-block-columns-is-layout-flex\">\n<div class=\"wp-block-column is-vertically-aligned-top is-layout-flow wp-block-column-is-layout-flow\">\n<h2 class=\"wp-block-heading\">Why join us?<\/h2>\n\n\n\n<p>Joining Beyond Immobilier means becoming part of a serious, people-oriented and ambitious agency, where collective success is just as important as individual success.<\/p>\n\n\n\n<p>We offer you the means, freedom and support you need to flourish in your profession.<\/p>\n\n\n\n<div class=\"wp-block-buttons is-layout-flex wp-block-buttons-is-layout-flex\">\n<div class=\"wp-block-button is-style-dark-full\"><a class=\"wp-block-button__link wp-element-button\" href=\"#contact\">Want to join the adventure?<\/a><\/div>\n<\/div>\n<\/div>\n\n\n\n<div class=\"wp-block-column is-layout-flow wp-block-column-is-layout-flow\" style=\"flex-basis:20px\"><\/div>\n\n\n\n<div class=\"wp-block-column is-vertically-aligned-top is-layout-flow wp-block-column-is-layout-flow\" style=\"flex-basis:50%\">\n\t\n\t<ul id=\"bi-list-block_5247f790f64131047cc296d262b863e9\" class=\"bi-list\">\t\n\t\t\n\t\t\n\t\t\t\t\n\t\t\t\t\t\n\t\t\t\t\t\n\t\t\t\n\t\t\t<li class=\"hascontent hasnumbers\">\n\t\t\t\t\n\t\t\t\t\t\t\t\t\t<div class=\"number\">1<\/div>\n\t\t\t\t\t\t\t\t\n\t\t\t\t<h4>No costs, no obligations<\/h4>\n\t\t\t\t\n\t\t\t\t<div class=\"content\"><p>No subscription, no participation: everything is taken care of by the agency. You retain your freedom and work with peace of mind. <\/p>\n<\/div>\n\t\t\t\t\n\t\t\t<\/li>\n\n\t\t\t\t\n\t\t\t\t\t\n\t\t\t\t\t\n\t\t\t\n\t\t\t<li class=\"hascontent hasnumbers\">\n\t\t\t\t\n\t\t\t\t\t\t\t\t\t<div class=\"number\">2<\/div>\n\t\t\t\t\t\t\t\t\n\t\t\t\t<h4>A strong image and exceptional visibility<\/h4>\n\t\t\t\t\n\t\t\t\t<div class=\"content\"><p>Your properties are advertised on the largest portals: Green-Acres, Propri\u00e9t\u00e9s Le Figaro, Belles Demeures, Le Bon Coin, SeLoger, etc.<br \/>\nOur reputation and high-end positioning attract clients even without an established personal network.<\/p>\n<\/div>\n\t\t\t\t\n\t\t\t<\/li>\n\n\t\t\t\t\n\t\t\t\t\t\n\t\t\t\t\t\n\t\t\t\n\t\t\t<li class=\"hascontent hasnumbers\">\n\t\t\t\t\n\t\t\t\t\t\t\t\t\t<div class=\"number\">3<\/div>\n\t\t\t\t\t\t\t\t\n\t\t\t\t<h4>Comprehensive tools and support<\/h4>\n\t\t\t\t\n\t\t\t\t<div class=\"content\"><p>A professional photographer available for your photos and videos.<br \/>\nConstant support from the marketing and management team for communication and follow-up on your files.<br \/>\nHandling of diagnostics, pit reports and administrative procedures.<\/p>\n<\/div>\n\t\t\t\t\n\t\t\t<\/li>\n\n\t\t\t\t\n\t\t\t\t\t\n\t\t\t\t\t\n\t\t\t\n\t\t\t<li class=\"hascontent hasnumbers\">\n\t\t\t\t\n\t\t\t\t\t\t\t\t\t<div class=\"number\">4<\/div>\n\t\t\t\t\t\t\t\t\n\t\t\t\t<h4>Local agencies, complete freedom<\/h4>\n\t\t\t\t\n\t\t\t\t<div class=\"content\"><p>Our offices in Mons\u00e9gur, Bouliac, Saint-\u00c9milion and Gensac are open to all our agents.<br \/>\nYou can use them to meet with your clients, but there are no obligations: you are free to work in the area of your choice.<\/p>\n<\/div>\n\t\t\t\t\n\t\t\t<\/li>\n\n\t\t\t\t\n\t\t\t\t\t\n\t\t\t\t\t\n\t\t\t\n\t\t\t<li class=\"hascontent hasnumbers\">\n\t\t\t\t\n\t\t\t\t\t\t\t\t\t<div class=\"number\">5<\/div>\n\t\t\t\t\t\t\t\t\n\t\t\t\t<h4>A real team, real cohesion<\/h4>\n\t\t\t\t\n\t\t\t\t<div class=\"content\"><p>At Beyond Immobilier, you are never alone.<br \/>\nOur team spirit and family atmosphere create a pleasant, motivating and humane working environment.<\/p>\n<\/div>\n\t\t\t\t\n\t\t\t<\/li>\n\n\t\t\t\t\t\n\t<\/ul>\n\n\t<script>\n\t\tjQuery(document).on('click','#bi-list-block_5247f790f64131047cc296d262b863e9 li.hascontent', function(){\n\t\t\tif ( jQuery(this).hasClass('active') ) {\n\t\t\t\tjQuery(this).find('.content').slideUp();\n\t\t\t\tjQuery(this).removeClass('active');\n\t\t\t} else {\n\t\t\t\tjQuery('#bi-list-block_5247f790f64131047cc296d262b863e9 li.active .content').slideUp();\n\t\t\t\tjQuery('#bi-list-block_5247f790f64131047cc296d262b863e9 li.active').removeClass('active');\n\t\t\t\tjQuery(this).addClass('active');\n\t\t\t\tjQuery(this).find('.content').slideDown();\n\t\t\t}\n\t\t\t\n\t\t});\n\t<\/script>\n\n\n\n\n<\/div>\n<\/div>\n\n\n\n<div style=\"height:30px\" aria-hidden=\"true\" class=\"wp-block-spacer\"><\/div>\n<\/div><\/div>\n\n<div class=\"wp-block-nk-awb nk-awb alignfull\"><div class=\"nk-awb-wrap\" data-awb-type=\"image\" data-awb-parallax=\"scroll\" data-awb-parallax-speed=\"0.5\" data-awb-parallax-mobile=\"true\" data-awb-image-background-size=\"cover\" data-awb-image-background-position=\"50% 50%\"><div class=\"nk-awb-inner\"><img decoding=\"async\" src=\"https:\/\/beyondimmobilier.com\/wp-content\/uploads\/2025\/11\/recrutement.webp\" class=\"wp-image-50239 jarallax-img\" width=\"2000\" height=\"1500\" srcset=\"https:\/\/beyondimmobilier.com\/wp-content\/uploads\/2025\/11\/recrutement.webp 2000w, https:\/\/beyondimmobilier.com\/wp-content\/uploads\/2025\/11\/recrutement-300x225.webp 300w, https:\/\/beyondimmobilier.com\/wp-content\/uploads\/2025\/11\/recrutement-1024x768.webp 1024w, https:\/\/beyondimmobilier.com\/wp-content\/uploads\/2025\/11\/recrutement-768x576.webp 768w, https:\/\/beyondimmobilier.com\/wp-content\/uploads\/2025\/11\/recrutement-1536x1152.webp 1536w, https:\/\/beyondimmobilier.com\/wp-content\/uploads\/2025\/11\/recrutement-500x375.webp 500w, https:\/\/beyondimmobilier.com\/wp-content\/uploads\/2025\/11\/recrutement-800x600.webp 800w, https:\/\/beyondimmobilier.com\/wp-content\/uploads\/2025\/11\/recrutement-1280x960.webp 1280w, https:\/\/beyondimmobilier.com\/wp-content\/uploads\/2025\/11\/recrutement-1920x1440.webp 1920w\" sizes=\"(max-width: 2000px) 100vw, 2000px\" \/><\/div><\/div><div class=\"nk-awb-wrap-content is-layout-constrained wp-block-nk-awb-is-layout-constrained\">\n<div style=\"height:600px\" aria-hidden=\"true\" class=\"wp-block-spacer\"><\/div>\n<\/div><\/div>\n\n<div class=\"wp-block-group alignfull has-medium-blue-color has-beige-background-color has-text-color has-background has-link-color wp-elements-9e8f8f25afb97be74a1645a21720c154\"><div class=\"wp-block-group__inner-container is-layout-constrained wp-block-group-is-layout-constrained\">\n<div style=\"height:30px\" aria-hidden=\"true\" class=\"wp-block-spacer\"><\/div>\n\n\n\n<div class=\"wp-block-columns are-vertically-aligned-bottom is-layout-flex wp-container-core-columns-is-layout-9d6595d7 wp-block-columns-is-layout-flex\">\n<div class=\"wp-block-column is-layout-flow wp-block-column-is-layout-flow\"><\/div>\n\n\n\n<div class=\"wp-block-column is-vertically-aligned-bottom is-layout-flow wp-block-column-is-layout-flow\" style=\"flex-basis:800px\" id=\"contact\">\n<div style=\"height:20px\" aria-hidden=\"true\" class=\"wp-block-spacer\"><\/div>\n\n\n\n<h2 class=\"wp-block-heading\">Application<\/h2>\n\n\n\n<p>Please complete the form below to send us your application.<\/p>\n\n\n<div class=\"frm_forms  with_frm_style frm_style_beyond-immobilier-style\" id=\"frm_form_2_container\" data-token=\"8d0cc5ae99564786b826f874669df623\">\n<form enctype=\"multipart\/form-data\" method=\"post\" class=\"frm-show-form  frm_js_validate  frm_ajax_submit  frm_pro_form \" id=\"form_contact-form2\" data-token=\"8d0cc5ae99564786b826f874669df623\">\n<div class=\"frm_form_fields \">\n<fieldset>\n<legend class=\"frm_screen_reader\">Candidature<\/legend>\r\n\r\n<div class=\"frm_fields_container\">\n<input type=\"hidden\" name=\"frm_action\" value=\"create\" \/>\n<input type=\"hidden\" name=\"form_id\" value=\"2\" \/>\n<input type=\"hidden\" name=\"frm_hide_fields_2\" id=\"frm_hide_fields_2\" value=\"\" \/>\n<input type=\"hidden\" name=\"form_key\" value=\"contact-form2\" \/>\n<input type=\"hidden\" name=\"item_meta[0]\" value=\"\" \/>\n<input type=\"hidden\" id=\"frm_submit_entry_2\" name=\"frm_submit_entry_2\" value=\"498d522807\" \/><input type=\"hidden\" name=\"_wp_http_referer\" value=\"\/en\/wp-json\/wp\/v2\/pages\/50243\" \/>\t\t<input  type=\"hidden\" name=\"item_meta[12]\" id=\"field_beyond-subject2\" value=\"Prise de contact\"  data-frmval=\"Prise de contact\"   \/>\n\t\t\t\t<input  type=\"hidden\" name=\"item_meta[13]\" id=\"field_beyond-recipient2\" value=\"info@beyondimmobilier.com\"  data-frmval=\"info@beyondimmobilier.com\"   \/>\n\t\t<div id=\"frm_field_14_container\" class=\"frm_form_field form-field  frm_required_field frm_none_container frm12 frm_first\">\r\n\t<label for=\"field_qh4icy2\" id=\"field_qh4icy2_label\" class=\"frm_primary_label\">Nom\r\n\t\t<span class=\"frm_required\" aria-hidden=\"true\">*<\/span>\r\n\t<\/label>\r\n\t<input  type=\"text\" id=\"field_qh4icy2\" name=\"item_meta[14]\" value=\"\"  placeholder=\"Votre nom *\" data-reqmsg=\"Nom ne peut pas \u00eatre vide.\" aria-required=\"true\" data-invmsg=\"Nom est non valide\" aria-invalid=\"false\"   \/>\r\n\t\r\n\t\r\n<\/div>\n<div id=\"frm_field_15_container\" class=\"frm_form_field form-field  frm_required_field frm_none_container frm_full\">\r\n\t<label for=\"field_29yf4d2\" id=\"field_29yf4d2_label\" class=\"frm_primary_label\">Email\r\n\t\t<span class=\"frm_required\" aria-hidden=\"true\">*<\/span>\r\n\t<\/label>\r\n\t<input type=\"email\" id=\"field_29yf4d2\" name=\"item_meta[15]\" value=\"\"  placeholder=\"Votre email *\" data-reqmsg=\"Email ne peut pas \u00eatre vide.\" aria-required=\"true\" data-invmsg=\"Veuillez saisir une adresse email valide.\" aria-invalid=\"false\"  \/>\r\n\t\r\n\t\r\n<\/div>\n<div id=\"frm_field_16_container\" class=\"frm_form_field form-field  frm_none_container\">\r\n\t<label for=\"field_uxkih2\" id=\"field_uxkih2_label\" class=\"frm_primary_label\">T\u00e9l\u00e9phone\r\n\t\t<span class=\"frm_required\" aria-hidden=\"true\"><\/span>\r\n\t<\/label>\r\n\t<input type=\"tel\" id=\"field_uxkih2\" name=\"item_meta[16]\" value=\"\"  placeholder=\"Num\u00e9ro de t\u00e9l\u00e9phone\" data-invmsg=\"T\u00e9l\u00e9phone est non valide\" aria-invalid=\"false\" pattern=\"((\\+\\d{1,3}(-|.| )?\\(?\\d\\)?(-| |.)?\\d{1,5})|(\\(?\\d{2,6}\\)?))(-|.| )?(\\d{3,4})(-|.| )?(\\d{4})(( x| ext)\\d{1,5}){0,1}$\"  \/>\r\n\t\r\n\t\r\n<\/div>\n<div id=\"frm_field_17_container\" class=\"frm_form_field form-field  frm_required_field frm_none_container frm_full\">\r\n\t<label for=\"field_9jv0r12\" id=\"field_9jv0r12_label\" class=\"frm_primary_label\">Message\r\n\t\t<span class=\"frm_required\" aria-hidden=\"true\">*<\/span>\r\n\t<\/label>\r\n\t<textarea name=\"item_meta[17]\" id=\"field_9jv0r12\" rows=\"5\"  placeholder=\"Votre message *\" data-reqmsg=\"Message ne peut pas \u00eatre vide.\" aria-required=\"true\" data-invmsg=\"Message est non valide\" aria-invalid=\"false\"  ><\/textarea>\r\n\t\r\n\t\r\n<\/div>\n<div id=\"frm_field_21_container\" class=\"frm_form_field form-field  frm_required_field frm_top_container\">\r\n\t<label for=\"field_fhish\" id=\"field_fhish_label\" class=\"frm_primary_label\">Votre CV\r\n\t\t<span class=\"frm_required\" aria-hidden=\"true\">*<\/span>\r\n\t<\/label>\r\n\t<input type=\"hidden\"  data-reqmsg=\"Votre CV ne peut pas \u00eatre vide.\" data-invmsg=\"Votre CV est non valide\" class=\"auto_width\" aria-invalid=\"false\"   name=\"item_meta[21]\"  data-reqmsg=\"Votre CV ne peut pas \u00eatre vide.\"  value=\"\" data-frmfile=\"21\" \/>\n\n<div class=\"frm_dropzone frm_single_upload frm_clearfix\" id=\"file21_dropzone\" role=\"group\" >\n\t<div class=\"fallback\">\n\t\t<input type=\"file\" name=\"file21\" id=\"field_fhish\"\n\t\t\t data-reqmsg=\"Votre CV ne peut pas \u00eatre vide.\" data-invmsg=\"Votre CV est non valide\" class=\"auto_width\" aria-invalid=\"false\"  \t\t\t\/>\n\t\t\t\t<div class=\"frm_clearfix \"><\/div>\n\t<\/div>\n\t<div class=\"dz-message needsclick\">\n\t\t\t\t<svg  viewBox=\"0 0 18 18\" class=\"frmsvg frm-svg-icon\">\n\t<path viewBox=\"0 0 18 18\" fill-rule=\"evenodd\" clip-rule=\"evenodd\" d=\"M8.2 4v8a.8.8 0 001.5 0V4l2.1 2.2A.7.7 0 1013 5L9.5 1.7a.7.7 0 00-1.1 0L5.1 5.2a.8.8 0 001 1l2.1-2zm7.6 4.3c.4 0 .7.3.7.7v6.8c0 .4-.3.7-.8.7H2.3a.8.8 0 01-.8-.8V9A.8.8 0 013 9v6h12V9c0-.4.3-.8.8-.8z\"><\/path>\n<\/svg>\t\t<span class=\"frm_upload_text\"><button type=\"button\" aria-label=\"Votre CV. D\u00e9poser un fichier ici ou cliquer pour t\u00e9l\u00e9charger. Maximum file size: 10MB\">D\u00e9poser un fichier ici ou cliquer pour t\u00e9l\u00e9charger<\/button><\/span>\n\t\t<span class=\"frm_compact_text\"><button type=\"button\" aria-label=\"Votre CV. Choisir un fichier. Maximum file size: 10MB\">Choisir un fichier<\/button><\/span>\n\t\t<div class=\"frm_small_text\">\n\t\t\t<p>Maximum file size: 10MB<\/p>\n\t\t<\/div>\n\t<\/div>\n<\/div>\n\t\r\n\t\r\n\t\r\n<\/div>\n<div id=\"frm_field_18_container\" class=\"frm_form_field form-field  frm_required_field frm_none_container vertical_radio\">\r\n\t<div  id=\"field_1qbux2_label\" class=\"frm_primary_label\">Donn\u00e9es personelles\r\n\t\t<span class=\"frm_required\" aria-hidden=\"true\">*<\/span>\r\n\t<\/div>\r\n\t<div class=\"frm_opt_container\" aria-labelledby=\"field_1qbux2_label\" role=\"group\">\t\t<div class=\"frm_checkbox\" id=\"frm_checkbox_18-0\">\t\t\t<label  for=\"field_1qbux2-0\">\n\t\t\t<input type=\"checkbox\" name=\"item_meta[18][]\" id=\"field_1qbux2-0\" value=\"J\u2019accepte que Beyond Immobilier utilise mes donn\u00e9es dans le contexte de ma candidature\"  data-reqmsg=\"Donn\u00e9es personelles ne peut pas \u00eatre vide.\" data-invmsg=\"Donn\u00e9es personelles est non valide\"   aria-required=\"true\"  \/> J\u2019accepte que Beyond Immobilier utilise mes donn\u00e9es dans le contexte de ma candidature<\/label><\/div>\n<\/div>\r\n\t\r\n\t\r\n<\/div>\n<div id=\"frm_field_19_container\" class=\"frm_form_field form-field  frm_none_container\">\r\n\t<label for=\"g-recaptcha-response\" id=\"field_kchff2_label\" class=\"frm_primary_label\">Captcha\r\n\t\t<span class=\"frm_required\" aria-hidden=\"true\"><\/span>\r\n\t<\/label>\r\n\t<div  id=\"field_kchff2\" class=\"frm-g-recaptcha\" data-sitekey=\"6Lf_3FYqAAAAAB5icRzVnr1B6WNBfgWsDRI3o0cp\" data-size=\"invisible\" data-theme=\"light\"><\/div>\r\n\t\r\n\t\r\n<\/div>\n<div id=\"frm_field_20_container\" class=\"frm_form_field form-field \">\r\n\t<div class=\"frm_submit frm_flex\">\r\n<button class=\"frm_button_submit frm_final_submit\" type=\"submit\"   formnovalidate=\"formnovalidate\">Envoyer<\/button>\r\n\r\n\r\n\r\n<\/div>\r\n<\/div>\n\t<input type=\"hidden\" name=\"item_key\" value=\"\" \/>\n\t\t\t<div id=\"frm_field_22_container\">\n\t\t\t<label for=\"field_h7lna\" >\n\t\t\t\tIf you are human, leave this field blank.\t\t\t<\/label>\n\t\t\t<input  id=\"field_h7lna\" type=\"text\" class=\"frm_form_field form-field frm_verify\" name=\"item_meta[22]\" value=\"\"  \/>\n\t\t<\/div>\n\t\t<input name=\"frm_state\" type=\"hidden\" value=\"p3tfT4zATpEzAxvDyqc8M6ZOdQQxpyUT6AeYmsJ9aXQIAdOcr0HkCluV74D5AAwP\" \/><\/div>\n<\/fieldset>\n<\/div>\n\n<\/form>\n<\/div>\n\n\n\n\n<div style=\"height:100px\" aria-hidden=\"true\" class=\"wp-block-spacer\"><\/div>\n<\/div>\n\n\n\n<div class=\"wp-block-column is-layout-flow wp-block-column-is-layout-flow\"><\/div>\n<\/div>\n<\/div><\/div>\n","protected":false},"excerpt":{"rendered":"<p>JoinBeyond Immobilier At Beyond Immobilier, we believe that a fulfilled agent is a successful agent.We place people and trust at the heart of our business, in a friendly and caring atmosphere where everyone feels at home. Why join us? Joining Beyond Immobilier means becoming part of a serious, people-oriented and ambitious agency, where collective success [&hellip;]<\/p>\n","protected":false},"author":1,"featured_media":0,"parent":0,"menu_order":0,"comment_status":"closed","ping_status":"closed","template":"","meta":{"_acf_changed":false,"footnotes":""},"class_list":["post-50243","page","type-page","status-publish","hentry"],"acf":[],"yoast_head":"<!-- This site is optimized with the Yoast SEO plugin v27.3 - https:\/\/yoast.com\/product\/yoast-seo-wordpress\/ -->\n<title>Jobs - Beyond Immobilier<\/title>\n<meta name=\"robots\" content=\"index, follow, max-snippet:-1, max-image-preview:large, max-video-preview:-1\" \/>\n<link rel=\"canonical\" href=\"https:\/\/beyondimmobilier.com\/en\/jobs\/\" \/>\n<meta property=\"og:locale\" content=\"en_US\" \/>\n<meta property=\"og:type\" content=\"article\" \/>\n<meta property=\"og:title\" content=\"Jobs - Beyond Immobilier\" \/>\n<meta property=\"og:description\" content=\"JoinBeyond Immobilier At Beyond Immobilier, we believe that a fulfilled agent is a successful agent.We place people and trust at the heart of our business, in a friendly and caring atmosphere where everyone feels at home. Why join us? Joining Beyond Immobilier means becoming part of a serious, people-oriented and ambitious agency, where collective success [&hellip;]\" \/>\n<meta property=\"og:url\" content=\"https:\/\/beyondimmobilier.com\/en\/jobs\/\" \/>\n<meta property=\"og:site_name\" content=\"Beyond Immobilier\" \/>\n<meta property=\"article:modified_time\" content=\"2025-11-24T19:21:45+00:00\" \/>\n<meta property=\"og:image\" content=\"https:\/\/beyondimmobilier.com\/wp-content\/uploads\/2025\/11\/recrutement.webp\" \/>\n\t<meta property=\"og:image:width\" content=\"2000\" \/>\n\t<meta property=\"og:image:height\" content=\"1500\" \/>\n\t<meta property=\"og:image:type\" content=\"image\/webp\" \/>\n<meta name=\"twitter:card\" content=\"summary_large_image\" \/>\n<script type=\"application\/ld+json\" class=\"yoast-schema-graph\">{\"@context\":\"https:\\\/\\\/schema.org\",\"@graph\":[{\"@type\":\"WebPage\",\"@id\":\"https:\\\/\\\/beyondimmobilier.com\\\/en\\\/jobs\\\/\",\"url\":\"https:\\\/\\\/beyondimmobilier.com\\\/en\\\/jobs\\\/\",\"name\":\"Jobs - Beyond Immobilier\",\"isPartOf\":{\"@id\":\"https:\\\/\\\/beyondimmobilier.com\\\/#website\"},\"primaryImageOfPage\":{\"@id\":\"https:\\\/\\\/beyondimmobilier.com\\\/en\\\/jobs\\\/#primaryimage\"},\"image\":{\"@id\":\"https:\\\/\\\/beyondimmobilier.com\\\/en\\\/jobs\\\/#primaryimage\"},\"thumbnailUrl\":\"https:\\\/\\\/beyondimmobilier.com\\\/wp-content\\\/uploads\\\/2025\\\/11\\\/recrutement.webp\",\"datePublished\":\"2025-11-24T18:51:31+00:00\",\"dateModified\":\"2025-11-24T19:21:45+00:00\",\"breadcrumb\":{\"@id\":\"https:\\\/\\\/beyondimmobilier.com\\\/en\\\/jobs\\\/#breadcrumb\"},\"inLanguage\":\"en-US\",\"potentialAction\":[{\"@type\":\"ReadAction\",\"target\":[\"https:\\\/\\\/beyondimmobilier.com\\\/en\\\/jobs\\\/\"]}]},{\"@type\":\"ImageObject\",\"inLanguage\":\"en-US\",\"@id\":\"https:\\\/\\\/beyondimmobilier.com\\\/en\\\/jobs\\\/#primaryimage\",\"url\":\"https:\\\/\\\/beyondimmobilier.com\\\/wp-content\\\/uploads\\\/2025\\\/11\\\/recrutement.webp\",\"contentUrl\":\"https:\\\/\\\/beyondimmobilier.com\\\/wp-content\\\/uploads\\\/2025\\\/11\\\/recrutement.webp\"},{\"@type\":\"BreadcrumbList\",\"@id\":\"https:\\\/\\\/beyondimmobilier.com\\\/en\\\/jobs\\\/#breadcrumb\",\"itemListElement\":[{\"@type\":\"ListItem\",\"position\":1,\"name\":\"Accueil\",\"item\":\"https:\\\/\\\/beyondimmobilier.com\\\/en\\\/\"},{\"@type\":\"ListItem\",\"position\":2,\"name\":\"Jobs\"}]},{\"@type\":\"WebSite\",\"@id\":\"https:\\\/\\\/beyondimmobilier.com\\\/#website\",\"url\":\"https:\\\/\\\/beyondimmobilier.com\\\/\",\"name\":\"Beyond Immobilier\",\"description\":\"Beyond your expectations\",\"publisher\":{\"@id\":\"https:\\\/\\\/beyondimmobilier.com\\\/#organization\"},\"potentialAction\":[{\"@type\":\"SearchAction\",\"target\":{\"@type\":\"EntryPoint\",\"urlTemplate\":\"https:\\\/\\\/beyondimmobilier.com\\\/?s={search_term_string}\"},\"query-input\":{\"@type\":\"PropertyValueSpecification\",\"valueRequired\":true,\"valueName\":\"search_term_string\"}}],\"inLanguage\":\"en-US\"},{\"@type\":\"Organization\",\"@id\":\"https:\\\/\\\/beyondimmobilier.com\\\/#organization\",\"name\":\"Beyond Immobilier\",\"url\":\"https:\\\/\\\/beyondimmobilier.com\\\/\",\"logo\":{\"@type\":\"ImageObject\",\"inLanguage\":\"en-US\",\"@id\":\"https:\\\/\\\/beyondimmobilier.com\\\/#\\\/schema\\\/logo\\\/image\\\/\",\"url\":\"https:\\\/\\\/beyondimmobilier.com\\\/wp-content\\\/uploads\\\/2024\\\/10\\\/logo-beyond.webp\",\"contentUrl\":\"https:\\\/\\\/beyondimmobilier.com\\\/wp-content\\\/uploads\\\/2024\\\/10\\\/logo-beyond.webp\",\"width\":1389,\"height\":676,\"caption\":\"Beyond Immobilier\"},\"image\":{\"@id\":\"https:\\\/\\\/beyondimmobilier.com\\\/#\\\/schema\\\/logo\\\/image\\\/\"}}]}<\/script>\n<!-- \/ Yoast SEO plugin. -->","yoast_head_json":{"title":"Jobs - Beyond Immobilier","robots":{"index":"index","follow":"follow","max-snippet":"max-snippet:-1","max-image-preview":"max-image-preview:large","max-video-preview":"max-video-preview:-1"},"canonical":"https:\/\/beyondimmobilier.com\/en\/jobs\/","og_locale":"en_US","og_type":"article","og_title":"Jobs - Beyond Immobilier","og_description":"JoinBeyond Immobilier At Beyond Immobilier, we believe that a fulfilled agent is a successful agent.We place people and trust at the heart of our business, in a friendly and caring atmosphere where everyone feels at home. Why join us? Joining Beyond Immobilier means becoming part of a serious, people-oriented and ambitious agency, where collective success [&hellip;]","og_url":"https:\/\/beyondimmobilier.com\/en\/jobs\/","og_site_name":"Beyond Immobilier","article_modified_time":"2025-11-24T19:21:45+00:00","og_image":[{"width":2000,"height":1500,"url":"https:\/\/beyondimmobilier.com\/wp-content\/uploads\/2025\/11\/recrutement.webp","type":"image\/webp"}],"twitter_card":"summary_large_image","schema":{"@context":"https:\/\/schema.org","@graph":[{"@type":"WebPage","@id":"https:\/\/beyondimmobilier.com\/en\/jobs\/","url":"https:\/\/beyondimmobilier.com\/en\/jobs\/","name":"Jobs - Beyond Immobilier","isPartOf":{"@id":"https:\/\/beyondimmobilier.com\/#website"},"primaryImageOfPage":{"@id":"https:\/\/beyondimmobilier.com\/en\/jobs\/#primaryimage"},"image":{"@id":"https:\/\/beyondimmobilier.com\/en\/jobs\/#primaryimage"},"thumbnailUrl":"https:\/\/beyondimmobilier.com\/wp-content\/uploads\/2025\/11\/recrutement.webp","datePublished":"2025-11-24T18:51:31+00:00","dateModified":"2025-11-24T19:21:45+00:00","breadcrumb":{"@id":"https:\/\/beyondimmobilier.com\/en\/jobs\/#breadcrumb"},"inLanguage":"en-US","potentialAction":[{"@type":"ReadAction","target":["https:\/\/beyondimmobilier.com\/en\/jobs\/"]}]},{"@type":"ImageObject","inLanguage":"en-US","@id":"https:\/\/beyondimmobilier.com\/en\/jobs\/#primaryimage","url":"https:\/\/beyondimmobilier.com\/wp-content\/uploads\/2025\/11\/recrutement.webp","contentUrl":"https:\/\/beyondimmobilier.com\/wp-content\/uploads\/2025\/11\/recrutement.webp"},{"@type":"BreadcrumbList","@id":"https:\/\/beyondimmobilier.com\/en\/jobs\/#breadcrumb","itemListElement":[{"@type":"ListItem","position":1,"name":"Accueil","item":"https:\/\/beyondimmobilier.com\/en\/"},{"@type":"ListItem","position":2,"name":"Jobs"}]},{"@type":"WebSite","@id":"https:\/\/beyondimmobilier.com\/#website","url":"https:\/\/beyondimmobilier.com\/","name":"Beyond Immobilier","description":"Beyond your expectations","publisher":{"@id":"https:\/\/beyondimmobilier.com\/#organization"},"potentialAction":[{"@type":"SearchAction","target":{"@type":"EntryPoint","urlTemplate":"https:\/\/beyondimmobilier.com\/?s={search_term_string}"},"query-input":{"@type":"PropertyValueSpecification","valueRequired":true,"valueName":"search_term_string"}}],"inLanguage":"en-US"},{"@type":"Organization","@id":"https:\/\/beyondimmobilier.com\/#organization","name":"Beyond Immobilier","url":"https:\/\/beyondimmobilier.com\/","logo":{"@type":"ImageObject","inLanguage":"en-US","@id":"https:\/\/beyondimmobilier.com\/#\/schema\/logo\/image\/","url":"https:\/\/beyondimmobilier.com\/wp-content\/uploads\/2024\/10\/logo-beyond.webp","contentUrl":"https:\/\/beyondimmobilier.com\/wp-content\/uploads\/2024\/10\/logo-beyond.webp","width":1389,"height":676,"caption":"Beyond Immobilier"},"image":{"@id":"https:\/\/beyondimmobilier.com\/#\/schema\/logo\/image\/"}}]}},"_links":{"self":[{"href":"https:\/\/beyondimmobilier.com\/en\/wp-json\/wp\/v2\/pages\/50243","targetHints":{"allow":["GET"]}}],"collection":[{"href":"https:\/\/beyondimmobilier.com\/en\/wp-json\/wp\/v2\/pages"}],"about":[{"href":"https:\/\/beyondimmobilier.com\/en\/wp-json\/wp\/v2\/types\/page"}],"author":[{"embeddable":true,"href":"https:\/\/beyondimmobilier.com\/en\/wp-json\/wp\/v2\/users\/1"}],"replies":[{"embeddable":true,"href":"https:\/\/beyondimmobilier.com\/en\/wp-json\/wp\/v2\/comments?post=50243"}],"version-history":[{"count":1,"href":"https:\/\/beyondimmobilier.com\/en\/wp-json\/wp\/v2\/pages\/50243\/revisions"}],"predecessor-version":[{"id":50244,"href":"https:\/\/beyondimmobilier.com\/en\/wp-json\/wp\/v2\/pages\/50243\/revisions\/50244"}],"wp:attachment":[{"href":"https:\/\/beyondimmobilier.com\/en\/wp-json\/wp\/v2\/media?parent=50243"}],"curies":[{"name":"wp","href":"https:\/\/api.w.org\/{rel}","templated":true}]}}